{"id":72504,"date":"2023-06-07T14:05:29","date_gmt":"2023-06-07T12:05:29","guid":{"rendered":"https:\/\/www.brandensteincom.at\/?page_id=72504"},"modified":"2025-11-18T10:30:00","modified_gmt":"2025-11-18T09:30:00","slug":"career","status":"publish","type":"page","link":"https:\/\/www.brandensteincom.at\/en\/career\/","title":{"rendered":"Career"},"content":{"rendered":"<div data-elementor-type=\"wp-page\" data-elementor-id=\"72504\" class=\"elementor elementor-72504\" data-elementor-post-type=\"page\">\n\t\t\t\t\t\t<section class=\"elementor-section elementor-top-section elementor-element elementor-element-6902c46 elementor-section-boxed elementor-section-height-default elementor-section-height-default\" data-id=\"6902c46\" data-element_type=\"section\" data-e-type=\"section\">\n\t\t\t\t\t\t<div class=\"elementor-container elementor-column-gap-default\">\n\t\t\t\t\t<div class=\"elementor-column elementor-col-100 elementor-top-column elementor-element elementor-element-dba7744\" data-id=\"dba7744\" data-element_type=\"column\" data-e-type=\"column\">\n\t\t\t<div class=\"elementor-widget-wrap elementor-element-populated\">\n\t\t\t\t\t\t<div class=\"elementor-element elementor-element-370ddd0 elementor-widget elementor-widget-image\" data-id=\"370ddd0\" data-element_type=\"widget\" data-e-type=\"widget\" data-widget_type=\"image.default\">\n\t\t\t\t<div class=\"elementor-widget-container\">\n\t\t\t\t\t\t\t\t\t\t\t\t\t\t\t<img fetchpriority=\"high\" decoding=\"async\" width=\"2560\" height=\"1160\" src=\"https:\/\/www.brandensteincom.at\/wp-content\/uploads\/2024\/12\/Website-4-1-scaled-e1734089160503.jpg\" class=\"attachment-full size-full wp-image-74034\" alt=\"\" srcset=\"https:\/\/www.brandensteincom.at\/wp-content\/uploads\/2024\/12\/Website-4-1-scaled-e1734089160503.jpg 2560w, https:\/\/www.brandensteincom.at\/wp-content\/uploads\/2024\/12\/Website-4-1-scaled-e1734089160503-500x227.jpg 500w, https:\/\/www.brandensteincom.at\/wp-content\/uploads\/2024\/12\/Website-4-1-scaled-e1734089160503-830x376.jpg 830w, https:\/\/www.brandensteincom.at\/wp-content\/uploads\/2024\/12\/Website-4-1-scaled-e1734089160503-768x348.jpg 768w, https:\/\/www.brandensteincom.at\/wp-content\/uploads\/2024\/12\/Website-4-1-scaled-e1734089160503-1536x696.jpg 1536w, https:\/\/www.brandensteincom.at\/wp-content\/uploads\/2024\/12\/Website-4-1-scaled-e1734089160503-2048x928.jpg 2048w, https:\/\/www.brandensteincom.at\/wp-content\/uploads\/2024\/12\/Website-4-1-scaled-e1734089160503-18x8.jpg 18w\" sizes=\"(max-width: 2560px) 100vw, 2560px\" \/>\t\t\t\t\t\t\t\t\t\t\t\t\t\t\t<\/div>\n\t\t\t\t<\/div>\n\t\t\t\t\t<\/div>\n\t\t<\/div>\n\t\t\t\t\t<\/div>\n\t\t<\/section>\n\t\t\t\t<section class=\"elementor-section elementor-top-section elementor-element elementor-element-2182b9b elementor-section-boxed elementor-section-height-default elementor-section-height-default\" data-id=\"2182b9b\" data-element_type=\"section\" data-e-type=\"section\">\n\t\t\t\t\t\t<div class=\"elementor-container elementor-column-gap-default\">\n\t\t\t\t\t<div class=\"elementor-column elementor-col-100 elementor-top-column elementor-element elementor-element-8f00130\" data-id=\"8f00130\" data-element_type=\"column\" data-e-type=\"column\">\n\t\t\t<div class=\"elementor-widget-wrap elementor-element-populated\">\n\t\t\t\t\t\t<div class=\"elementor-element elementor-element-c7c7db0 elementor-widget elementor-widget-text-editor\" data-id=\"c7c7db0\" data-element_type=\"widget\" data-e-type=\"widget\" data-widget_type=\"text-editor.default\">\n\t\t\t\t<div class=\"elementor-widget-container\">\n\t\t\t\t\t\t\t\t\t<h1>Career<\/h1><div><p><strong>We are always on the lookout for interesting people and personalities and would be happy to have a no-obligation get-to-know-you conversation with you. <\/strong><\/p><p><strong>Whether you want to join us as a trainee, assistant, junior consultant, consultant or senior consultant, or just get to know us - we look forward to a no-obligation interview, which we treat with 100% confidentiality! #JoinUs<\/strong><\/p><\/div>\t\t\t\t\t\t\t\t<\/div>\n\t\t\t\t<\/div>\n\t\t\t\t<div class=\"elementor-element elementor-element-65d8b1d elementor-align-center elementor-widget__width-initial elementor-widget elementor-widget-button\" data-id=\"65d8b1d\" data-element_type=\"widget\" data-e-type=\"widget\" data-widget_type=\"button.default\">\n\t\t\t\t<div class=\"elementor-widget-container\">\n\t\t\t\t\t\t\t\t\t<div class=\"elementor-button-wrapper\">\n\t\t\t\t\t<a class=\"elementor-button elementor-button-link elementor-size-md\" href=\"\/en\/contact\/\">\n\t\t\t\t\t\t<span class=\"elementor-button-content-wrapper\">\n\t\t\t\t\t\t\t\t\t<span class=\"elementor-button-text\">Contact<\/span>\n\t\t\t\t\t<\/span>\n\t\t\t\t\t<\/a>\n\t\t\t\t<\/div>\n\t\t\t\t\t\t\t\t<\/div>\n\t\t\t\t<\/div>\n\t\t\t\t\t<\/div>\n\t\t<\/div>\n\t\t\t\t\t<\/div>\n\t\t<\/section>\n\t\t\t\t<section class=\"elementor-section elementor-top-section elementor-element elementor-element-7abb298 elementor-section-boxed elementor-section-height-default elementor-section-height-default\" data-id=\"7abb298\" data-element_type=\"section\" data-e-type=\"section\">\n\t\t\t\t\t\t<div class=\"elementor-container elementor-column-gap-default\">\n\t\t\t\t\t<div class=\"elementor-column elementor-col-100 elementor-top-column elementor-element elementor-element-d8f462e\" data-id=\"d8f462e\" data-element_type=\"column\" data-e-type=\"column\">\n\t\t\t<div class=\"elementor-widget-wrap\">\n\t\t\t\t\t\t\t<\/div>\n\t\t<\/div>\n\t\t\t\t\t<\/div>\n\t\t<\/section>\n\t\t\t\t<\/div>","protected":false},"excerpt":{"rendered":"<p>Karriere Wir sind immer auf der Suche nach interessanten Menschen und Pers\u00f6nlichkeiten und f\u00fchren gerne ein unverbindliches Kennenlern-Gespr\u00e4ch mit dir. Egal, ob du als Trainee, Assistant, Junior Consultant, Consultant oder Senior Consultant bei uns einsteigen oder uns einfach nur kennenlernen m\u00f6chtest \u2013 wir freuen uns \u00fcber ein unverbindliches Gespr\u00e4ch, das wir zu 100 Prozent vertraulich [&hellip;]<\/p>\n","protected":false},"author":25,"featured_media":0,"parent":0,"menu_order":0,"comment_status":"closed","ping_status":"closed","template":"elementor_header_footer","meta":{"_exactmetrics_skip_tracking":false,"_exactmetrics_sitenote_active":false,"_exactmetrics_sitenote_note":"","_exactmetrics_sitenote_category":0,"footnotes":""},"class_list":["post-72504","page","type-page","status-publish","hentry"],"yoast_head":"<!-- This site is optimized with the Yoast SEO Premium plugin v27.3 (Yoast SEO v27.3) - https:\/\/yoast.com\/product\/yoast-seo-premium-wordpress\/ -->\n<title>Karriere | Brandenstein Communications<\/title>\n<meta name=\"description\" content=\"Karriere bei unserer PR Agentur. Unser Team ist derzeit komplett, schicke uns aber gerne trotzdem deine aussagekr\u00e4ftige Initiativbewerbung!\" \/>\n<meta name=\"robots\" content=\"index, follow, max-snippet:-1, max-image-preview:large, max-video-preview:-1\" \/>\n<link rel=\"canonical\" href=\"https:\/\/www.brandensteincom.at\/en\/career\/\" \/>\n<meta property=\"og:locale\" content=\"en_GB\" \/>\n<meta property=\"og:type\" content=\"article\" \/>\n<meta property=\"og:title\" content=\"Karriere\" \/>\n<meta property=\"og:description\" content=\"Karriere bei unserer PR Agentur. Unser Team ist derzeit komplett, schicke uns aber gerne trotzdem deine aussagekr\u00e4ftige Initiativbewerbung!\" \/>\n<meta property=\"og:url\" content=\"https:\/\/www.brandensteincom.at\/en\/career\/\" \/>\n<meta property=\"og:site_name\" content=\"Brandenstein Communications\" \/>\n<meta property=\"article:publisher\" content=\"https:\/\/www.facebook.com\/BrandensteinCommunications\/\" \/>\n<meta property=\"article:modified_time\" content=\"2025-11-18T09:30:00+00:00\" \/>\n<meta property=\"og:image\" content=\"https:\/\/www.brandensteincom.at\/wp-content\/uploads\/2024\/12\/Website-4-1-scaled-e1734089160503.jpg\" \/>\n\t<meta property=\"og:image:width\" content=\"2560\" \/>\n\t<meta property=\"og:image:height\" content=\"1160\" \/>\n\t<meta property=\"og:image:type\" content=\"image\/jpeg\" \/>\n<meta name=\"twitter:card\" content=\"summary_large_image\" \/>\n<meta name=\"twitter:site\" content=\"@BrandensteinCom\" \/>\n<meta name=\"twitter:label1\" content=\"Estimated reading time\" \/>\n\t<meta name=\"twitter:data1\" content=\"1 minute\" \/>\n<script type=\"application\/ld+json\" class=\"yoast-schema-graph\">{\"@context\":\"https:\\\/\\\/schema.org\",\"@graph\":[{\"@type\":\"WebPage\",\"@id\":\"https:\\\/\\\/www.brandensteincom.at\\\/karriere\\\/\",\"url\":\"https:\\\/\\\/www.brandensteincom.at\\\/karriere\\\/\",\"name\":\"Karriere | Brandenstein Communications\",\"isPartOf\":{\"@id\":\"https:\\\/\\\/www.brandensteincom.at\\\/#website\"},\"primaryImageOfPage\":{\"@id\":\"https:\\\/\\\/www.brandensteincom.at\\\/karriere\\\/#primaryimage\"},\"image\":{\"@id\":\"https:\\\/\\\/www.brandensteincom.at\\\/karriere\\\/#primaryimage\"},\"thumbnailUrl\":\"https:\\\/\\\/www.brandensteincom.at\\\/wp-content\\\/uploads\\\/2024\\\/12\\\/Website-4-1-scaled-e1734089160503.jpg\",\"datePublished\":\"2023-06-07T12:05:29+00:00\",\"dateModified\":\"2025-11-18T09:30:00+00:00\",\"description\":\"Karriere bei unserer PR Agentur. Unser Team ist derzeit komplett, schicke uns aber gerne trotzdem deine aussagekr\u00e4ftige Initiativbewerbung!\",\"breadcrumb\":{\"@id\":\"https:\\\/\\\/www.brandensteincom.at\\\/karriere\\\/#breadcrumb\"},\"inLanguage\":\"en-GB\",\"potentialAction\":[{\"@type\":\"ReadAction\",\"target\":[\"https:\\\/\\\/www.brandensteincom.at\\\/karriere\\\/\"]}]},{\"@type\":\"ImageObject\",\"inLanguage\":\"en-GB\",\"@id\":\"https:\\\/\\\/www.brandensteincom.at\\\/karriere\\\/#primaryimage\",\"url\":\"https:\\\/\\\/www.brandensteincom.at\\\/wp-content\\\/uploads\\\/2024\\\/12\\\/Website-4-1-scaled-e1734089160503.jpg\",\"contentUrl\":\"https:\\\/\\\/www.brandensteincom.at\\\/wp-content\\\/uploads\\\/2024\\\/12\\\/Website-4-1-scaled-e1734089160503.jpg\"},{\"@type\":\"BreadcrumbList\",\"@id\":\"https:\\\/\\\/www.brandensteincom.at\\\/karriere\\\/#breadcrumb\",\"itemListElement\":[{\"@type\":\"ListItem\",\"position\":1,\"name\":\"Startseite\",\"item\":\"https:\\\/\\\/www.brandensteincom.at\\\/\"},{\"@type\":\"ListItem\",\"position\":2,\"name\":\"Karriere\"}]},{\"@type\":\"WebSite\",\"@id\":\"https:\\\/\\\/www.brandensteincom.at\\\/#website\",\"url\":\"https:\\\/\\\/www.brandensteincom.at\\\/\",\"name\":\"Brandenstein Communications\",\"description\":\"PR-Agentur\",\"publisher\":{\"@id\":\"https:\\\/\\\/www.brandensteincom.at\\\/#organization\"},\"potentialAction\":[{\"@type\":\"SearchAction\",\"target\":{\"@type\":\"EntryPoint\",\"urlTemplate\":\"https:\\\/\\\/www.brandensteincom.at\\\/?s={search_term_string}\"},\"query-input\":{\"@type\":\"PropertyValueSpecification\",\"valueRequired\":true,\"valueName\":\"search_term_string\"}}],\"inLanguage\":\"en-GB\"},{\"@type\":\"Organization\",\"@id\":\"https:\\\/\\\/www.brandensteincom.at\\\/#organization\",\"name\":\"Brandenstein Communications\",\"url\":\"https:\\\/\\\/www.brandensteincom.at\\\/\",\"logo\":{\"@type\":\"ImageObject\",\"inLanguage\":\"en-GB\",\"@id\":\"https:\\\/\\\/www.brandensteincom.at\\\/#\\\/schema\\\/logo\\\/image\\\/\",\"url\":\"https:\\\/\\\/www.brandensteincom.at\\\/wp-content\\\/uploads\\\/2023\\\/05\\\/cropped-Brandenstein_Master_BC-scaled-1.jpg\",\"contentUrl\":\"https:\\\/\\\/www.brandensteincom.at\\\/wp-content\\\/uploads\\\/2023\\\/05\\\/cropped-Brandenstein_Master_BC-scaled-1.jpg\",\"width\":2557,\"height\":732,\"caption\":\"Brandenstein Communications\"},\"image\":{\"@id\":\"https:\\\/\\\/www.brandensteincom.at\\\/#\\\/schema\\\/logo\\\/image\\\/\"},\"sameAs\":[\"https:\\\/\\\/www.facebook.com\\\/BrandensteinCommunications\\\/\",\"https:\\\/\\\/x.com\\\/BrandensteinCom\",\"https:\\\/\\\/www.instagram.com\\\/brandenstein_communications\\\/\",\"https:\\\/\\\/www.tiktok.com\\\/@brandenstein_pr\",\"https:\\\/\\\/at.pinterest.com\\\/brandensteincommunications\\\/\",\"https:\\\/\\\/www.linkedin.com\\\/company\\\/brandensteincommunications\"]}]}<\/script>\n<!-- \/ Yoast SEO Premium plugin. -->","yoast_head_json":{"title":"Career | Brandenstein Communications","description":"Career with our PR agency. Our team is currently complete, but you are still welcome to send us your speculative application!","robots":{"index":"index","follow":"follow","max-snippet":"max-snippet:-1","max-image-preview":"max-image-preview:large","max-video-preview":"max-video-preview:-1"},"canonical":"https:\/\/www.brandensteincom.at\/en\/career\/","og_locale":"en_GB","og_type":"article","og_title":"Karriere","og_description":"Karriere bei unserer PR Agentur. Unser Team ist derzeit komplett, schicke uns aber gerne trotzdem deine aussagekr\u00e4ftige Initiativbewerbung!","og_url":"https:\/\/www.brandensteincom.at\/en\/career\/","og_site_name":"Brandenstein Communications","article_publisher":"https:\/\/www.facebook.com\/BrandensteinCommunications\/","article_modified_time":"2025-11-18T09:30:00+00:00","og_image":[{"width":2560,"height":1160,"url":"https:\/\/www.brandensteincom.at\/wp-content\/uploads\/2024\/12\/Website-4-1-scaled-e1734089160503.jpg","type":"image\/jpeg"}],"twitter_card":"summary_large_image","twitter_site":"@BrandensteinCom","twitter_misc":{"Estimated reading time":"1 minute"},"schema":{"@context":"https:\/\/schema.org","@graph":[{"@type":"WebPage","@id":"https:\/\/www.brandensteincom.at\/karriere\/","url":"https:\/\/www.brandensteincom.at\/karriere\/","name":"Career | Brandenstein Communications","isPartOf":{"@id":"https:\/\/www.brandensteincom.at\/#website"},"primaryImageOfPage":{"@id":"https:\/\/www.brandensteincom.at\/karriere\/#primaryimage"},"image":{"@id":"https:\/\/www.brandensteincom.at\/karriere\/#primaryimage"},"thumbnailUrl":"https:\/\/www.brandensteincom.at\/wp-content\/uploads\/2024\/12\/Website-4-1-scaled-e1734089160503.jpg","datePublished":"2023-06-07T12:05:29+00:00","dateModified":"2025-11-18T09:30:00+00:00","description":"Career with our PR agency. Our team is currently complete, but you are still welcome to send us your speculative application!","breadcrumb":{"@id":"https:\/\/www.brandensteincom.at\/karriere\/#breadcrumb"},"inLanguage":"en-GB","potentialAction":[{"@type":"ReadAction","target":["https:\/\/www.brandensteincom.at\/karriere\/"]}]},{"@type":"ImageObject","inLanguage":"en-GB","@id":"https:\/\/www.brandensteincom.at\/karriere\/#primaryimage","url":"https:\/\/www.brandensteincom.at\/wp-content\/uploads\/2024\/12\/Website-4-1-scaled-e1734089160503.jpg","contentUrl":"https:\/\/www.brandensteincom.at\/wp-content\/uploads\/2024\/12\/Website-4-1-scaled-e1734089160503.jpg"},{"@type":"BreadcrumbList","@id":"https:\/\/www.brandensteincom.at\/karriere\/#breadcrumb","itemListElement":[{"@type":"ListItem","position":1,"name":"Startseite","item":"https:\/\/www.brandensteincom.at\/"},{"@type":"ListItem","position":2,"name":"Karriere"}]},{"@type":"WebSite","@id":"https:\/\/www.brandensteincom.at\/#website","url":"https:\/\/www.brandensteincom.at\/","name":"Brandenstein Communications","description":"PR agency","publisher":{"@id":"https:\/\/www.brandensteincom.at\/#organization"},"potentialAction":[{"@type":"SearchAction","target":{"@type":"EntryPoint","urlTemplate":"https:\/\/www.brandensteincom.at\/?s={search_term_string}"},"query-input":{"@type":"PropertyValueSpecification","valueRequired":true,"valueName":"search_term_string"}}],"inLanguage":"en-GB"},{"@type":"Organization","@id":"https:\/\/www.brandensteincom.at\/#organization","name":"Brandenstein Communications","url":"https:\/\/www.brandensteincom.at\/","logo":{"@type":"ImageObject","inLanguage":"en-GB","@id":"https:\/\/www.brandensteincom.at\/#\/schema\/logo\/image\/","url":"https:\/\/www.brandensteincom.at\/wp-content\/uploads\/2023\/05\/cropped-Brandenstein_Master_BC-scaled-1.jpg","contentUrl":"https:\/\/www.brandensteincom.at\/wp-content\/uploads\/2023\/05\/cropped-Brandenstein_Master_BC-scaled-1.jpg","width":2557,"height":732,"caption":"Brandenstein Communications"},"image":{"@id":"https:\/\/www.brandensteincom.at\/#\/schema\/logo\/image\/"},"sameAs":["https:\/\/www.facebook.com\/BrandensteinCommunications\/","https:\/\/x.com\/BrandensteinCom","https:\/\/www.instagram.com\/brandenstein_communications\/","https:\/\/www.tiktok.com\/@brandenstein_pr","https:\/\/at.pinterest.com\/brandensteincommunications\/","https:\/\/www.linkedin.com\/company\/brandensteincommunications"]}]}},"_links":{"self":[{"href":"https:\/\/www.brandensteincom.at\/en\/wp-json\/wp\/v2\/pages\/72504","targetHints":{"allow":["GET"]}}],"collection":[{"href":"https:\/\/www.brandensteincom.at\/en\/wp-json\/wp\/v2\/pages"}],"about":[{"href":"https:\/\/www.brandensteincom.at\/en\/wp-json\/wp\/v2\/types\/page"}],"author":[{"embeddable":true,"href":"https:\/\/www.brandensteincom.at\/en\/wp-json\/wp\/v2\/users\/25"}],"replies":[{"embeddable":true,"href":"https:\/\/www.brandensteincom.at\/en\/wp-json\/wp\/v2\/comments?post=72504"}],"version-history":[{"count":55,"href":"https:\/\/www.brandensteincom.at\/en\/wp-json\/wp\/v2\/pages\/72504\/revisions"}],"predecessor-version":[{"id":75015,"href":"https:\/\/www.brandensteincom.at\/en\/wp-json\/wp\/v2\/pages\/72504\/revisions\/75015"}],"wp:attachment":[{"href":"https:\/\/www.brandensteincom.at\/en\/wp-json\/wp\/v2\/media?parent=72504"}],"curies":[{"name":"wp","href":"https:\/\/api.w.org\/{rel}","templated":true}]}}